{"id":13,"date":"2018-07-30T19:59:18","date_gmt":"2018-07-30T19:59:18","guid":{"rendered":"http:\/\/klang-cafe.com\/?page_id=13"},"modified":"2024-10-07T15:56:47","modified_gmt":"2024-10-07T15:56:47","slug":"ueber-uns","status":"publish","type":"page","link":"https:\/\/klang-cafe.com\/","title":{"rendered":"Willkommen"},"content":{"rendered":"<p><img loading=\"lazy\" decoding=\"async\" class=\"size-full wp-image-1089 aligncenter\" src=\"https:\/\/klang-cafe.com\/wp-content\/uploads\/2024\/09\/cropped-White-Grey-Modern-Shoes-Laundry-Logo_20240930_085605_0001-1.png\" alt=\"\" width=\"211\" height=\"250\" \/><\/p>\n<div class=\"flex max-w-full flex-col flex-grow\">\n<div class=\"min-h-8 text-message flex w-full flex-col items-end gap-2 whitespace-normal break-words [.text-message+&amp;]:mt-5\" dir=\"auto\" data-message-author-role=\"assistant\" data-message-id=\"3353a5df-68e8-49f1-b51e-805990332518\">\n<div class=\"flex w-full flex-col gap-1 empty:hidden first:pt-[3px]\">\n<div class=\"markdown prose w-full break-words dark:prose-invert light\">\n<h5><strong>Willkommen in meiner Welt der Kl\u00e4nge \u2013 Handpan, Klangreisen und mehr<\/strong><\/h5>\n<p>Herzlich willkommen auf meiner Seite, wo die Magie der Kl\u00e4nge im Mittelpunkt steht! Hier findest du ein vielf\u00e4ltiges Angebot an musikalischen Erlebnissen und Klangbehandlungen, die K\u00f6rper, Geist und Seele ber\u00fchren. Lass dich von den sanften und kraftvollen T\u00f6nen der Handpan, den Kl\u00e4ngen des Didgeridoos, intuitiven Konzerten und Klangreisen inspirieren. Meine Angebote sind darauf ausgerichtet, besondere Momente noch unvergesslicher zu machen und dir eine Auszeit vom Alltag zu schenken.<\/p>\n<h5><strong>Meine Angebote f\u00fcr dich:<\/strong><\/h5>\n<ul>\n<li>\n<p><strong>Handpan-Konzerte f\u00fcr besondere Anl\u00e4sse <\/strong><span style=\"font-size: revert; text-indent: 0em;\">I<\/span><span style=\"font-size: revert; text-indent: 0em;\">ch bringe den zauberhaften Klang der Handpan zu deinen besonderen Momenten! Ob bei Trauzeremonien, Vernissagen, als stimmungsvolle Hintergrundmusik bei Events oder in Restaurants oder Cafes \u2013 meine Handpan-Konzerte schaffen eine einzigartige Atmosph\u00e4re, die ber\u00fchrt und verzaubert.<\/span><\/p>\n<\/li>\n<li>\n<p><strong>Intuitive Konzerte mit Loopstation, Handpan und Didgeridoo<\/strong><br \/>Erlebe intuitive Konzerte, in denen sich traditionelle Kl\u00e4nge mit modernen Elementen verbinden. Durch den Einsatz der Loopstation und eine Mischung aus Handpan, Didgeridoo und anderen Instrumenten entsteht eine dynamische Klangwelt, die dich von ruhigen T\u00f6nen bis hin zu rhythmischen, mitrei\u00dfenden Beats begleitet.<\/p>\n<\/li>\n<li>\n<p><strong>Klangreisen f\u00fcr Erwachsene und Kinder<\/strong><br \/>Begib dich auf eine gef\u00fchrte Klangreise und tauche ein in eine Welt der Entspannung und Meditation. Meine Klangreisen sind sowohl f\u00fcr Erwachsene als auch f\u00fcr Kinder geeignet und bieten dir eine wundervolle M\u00f6glichkeit, den Alltag loszulassen und in harmonische Klangwelten einzutauchen.<\/p>\n<\/li>\n<li>\n<p><strong>Klangmeditationen (auch in der Natur)<\/strong><br \/>Meine Klangmeditationen entf\u00fchren dich in einen Zustand tiefer Ruhe und Achtsamkeit. Ob drinnen oder in der freien Natur \u2013 die Kl\u00e4nge der Handpan und anderer Instrumente f\u00fchren dich sanft in eine meditative Stille, in der du dich erholen und neue Kraft tanken kannst.<\/p>\n<\/li>\n<li>\n<p><strong>Individuelle Klangmassagen (nach Absprache auch bei dir Zuhause)<\/strong><br \/>Erlebe die heilsame Wirkung einer Klangmassage, die auf deine individuellen Bed\u00fcrfnisse abgestimmt ist. Die Schwingungen und T\u00f6ne bringen deinen K\u00f6rper in Einklang und unterst\u00fctzen dich dabei, Stress abzubauen und Blockaden zu l\u00f6sen. Nach Absprache komme ich auch gerne zu dir nach Hause.<\/p>\n<\/li>\n<li>\n<p><strong>Klangseminare f\u00fcr verschiedene Zielgruppen<\/strong><br \/>Ob Kinder, Familien, Erwachsene oder Senioren \u2013 meine Klangseminare sind speziell auf die unterschiedlichen Bed\u00fcrfnisse der Teilnehmer abgestimmt. Entdecke die Kraft der Kl\u00e4nge in einer Gruppe, lerne verschiedene Instrumente kennen und lass dich von ihrer Wirkung inspirieren.<\/p>\n<\/li>\n<li>\n<p><strong>Tanz- &amp; Klangseminare und Workshops<\/strong><br \/>Finde deinen Rhythmus und lass dich von der Musik bewegen! In meinen Tanz- und Klangseminaren verbinde ich Bewegung mit den kraftvollen Kl\u00e4ngen verschiedener Instrumente. Diese Workshops sind eine Einladung, sich frei auszudr\u00fccken, loszulassen und die Freude an Tanz und Musik zu entdecken.<\/p>\n<\/li>\n<li>\n<p><strong>Handpan-Meditationen<\/strong><br \/>Die sph\u00e4rischen Kl\u00e4nge der Handpan f\u00fchren dich in eine tiefe meditative Stille. In meinen Handpan-Meditationen kannst du dich ganz den T\u00f6nen hingeben und einen Moment der Achtsamkeit und inneren Ruhe erleben.<\/p>\n<\/li>\n<\/ul>\n<h5><strong>Tauche ein in die Welt der Kl\u00e4nge<\/strong><\/h5>\n<p>Ob du Entspannung suchst, einen besonderen Anlass musikalisch untermalen m\u00f6chtest oder die heilsame Kraft der Musik entdecken willst \u2013 ich habe das passende Angebot f\u00fcr dich. Lass dich von meinen Konzerten, Klangreisen und Seminaren inspirieren und sp\u00fcre, wie die Kl\u00e4nge dein Leben bereichern.<\/p>\n<p>Ich freue mich darauf, dich bei einem meiner Events oder Seminare begr\u00fc\u00dfen zu d\u00fcrfen und gemeinsam mit dir die Welt der Kl\u00e4nge zu entdecken!<\/p>\n<\/div>\n<\/div>\n<\/div>\n<\/div>\n<div class=\"mb-2 flex gap-3 empty:hidden -ml-2\">\n<div class=\"items-center justify-start rounded-xl p-1 flex\">\n<div class=\"flex items-center\">\u00a0<\/div>\n<\/div>\n<\/div>\n<p style=\"text-align: center;\"><a href=\"mailto:info@klang-cafe.com\">info@klang-cafe.com<\/a><\/p>\n\n\n<p><\/p>\n","protected":false},"excerpt":{"rendered":"<p>Willkommen in meiner Welt der Kl\u00e4nge \u2013 Handpan, Klangreisen und mehr Herzlich willkommen auf meiner Seite, wo die Magie der Kl\u00e4nge im Mittelpunkt steht! Hier &hellip;<\/p>\n","protected":false},"author":1,"featured_media":0,"parent":0,"menu_order":0,"comment_status":"closed","ping_status":"closed","template":"","meta":{"_price":"","_stock":"","_tribe_ticket_header":"","_tribe_default_ticket_provider":"","_tribe_ticket_capacity":"0","_ticket_start_date":"","_ticket_end_date":"","_tribe_ticket_show_description":"","_tribe_ticket_show_not_going":false,"_tribe_ticket_use_global_stock":"","_tribe_ticket_global_stock_level":"","_global_stock_mode":"","_global_stock_cap":"","_tribe_rsvp_for_event":"","_tribe_ticket_going_count":"","_tribe_ticket_not_going_count":"","_tribe_tickets_list":"[]","_tribe_ticket_has_attendee_info_fields":false,"footnotes":"","_tec_slr_enabled":"","_tec_slr_layout":""},"class_list":["post-13","page","type-page","status-publish","hentry"],"ticketed":false,"_links":{"self":[{"href":"https:\/\/klang-cafe.com\/index.php?rest_route=\/wp\/v2\/pages\/13","targetHints":{"allow":["GET"]}}],"collection":[{"href":"https:\/\/klang-cafe.com\/index.php?rest_route=\/wp\/v2\/pages"}],"about":[{"href":"https:\/\/klang-cafe.com\/index.php?rest_route=\/wp\/v2\/types\/page"}],"author":[{"embeddable":true,"href":"https:\/\/klang-cafe.com\/index.php?rest_route=\/wp\/v2\/users\/1"}],"replies":[{"embeddable":true,"href":"https:\/\/klang-cafe.com\/index.php?rest_route=%2Fwp%2Fv2%2Fcomments&post=13"}],"version-history":[{"count":48,"href":"https:\/\/klang-cafe.com\/index.php?rest_route=\/wp\/v2\/pages\/13\/revisions"}],"predecessor-version":[{"id":1192,"href":"https:\/\/klang-cafe.com\/index.php?rest_route=\/wp\/v2\/pages\/13\/revisions\/1192"}],"wp:attachment":[{"href":"https:\/\/klang-cafe.com\/index.php?rest_route=%2Fwp%2Fv2%2Fmedia&parent=13"}],"curies":[{"name":"wp","href":"https:\/\/api.w.org\/{rel}","templated":true}]}}