{"id":378,"date":"2019-11-11T11:14:07","date_gmt":"2019-11-11T11:14:07","guid":{"rendered":"http:\/\/klang-cafe.com\/?page_id=378"},"modified":"2019-11-11T18:17:40","modified_gmt":"2019-11-11T18:17:40","slug":"angebote","status":"publish","type":"page","link":"https:\/\/klang-cafe.com\/?page_id=378","title":{"rendered":"Angebote"},"content":{"rendered":"\n<p style=\"text-align:left\" class=\"has-text-color has-medium-font-size has-red-color\"><strong>Klangreisen<\/strong>  <\/p>\n\n\n\n<div class=\"wp-block-image\"><figure class=\"alignleft is-resized\"><img loading=\"lazy\" decoding=\"async\" src=\"https:\/\/klang-cafe.com\/wp-content\/uploads\/2019\/11\/IMG_20181125_123201.jpg\" alt=\"\" class=\"wp-image-393\" width=\"166\" height=\"222\"\/><\/figure><\/div>\n\n\n\n<p>Lass dich verzaubern von der Magie der Kl\u00e4nge. Eine Klangreise kannst du bequem auf Matten liegend oder sitzend genie\u00dfen. Eine Klangreise findet in der Gruppe statt und wir nutzen diese Energie um die Kl\u00e4nge weiter zu geben. Die Kl\u00e4nge von Klangschalen, Handpan, Hang Bal, Gong, Monochord, Didgeridoo uvm. k\u00f6nnen dich in eine tiefe Entspannung versetzen und laden dich ebenfalls ein nach innen zu schauen und dich selbst zu entdecken und zu erforschen. Du wirst umh\u00fcllt und eingebettet sein von wunderbaren Kl\u00e4ngen. Eine Klangreise ist eine Wohltat f\u00fcr K\u00f6rper, Geist und Seele. <\/p>\n\n\n\n<p>Kosten je nach Raum:<br>ca. 12,00 &#8211; 15,00 \u20ac \/ pro Person <br><br>Wenn du gerne selber eine Klangreise mit mehreren Menschen bei dir zuhause oder in einem eigenen Raum veranstalten m\u00f6chtest, dann <a href=\"mailto:info@klang-cafe.com\">schreib mir<\/a> (Kosten nach Vereinbarung)<\/p>\n\n\n\n<p class=\"has-text-color has-medium-font-size has-red-color\"><strong>Klangmassage<\/strong><\/p>\n\n\n\n<div class=\"wp-block-image\"><figure class=\"alignleft is-resized\"><img loading=\"lazy\" decoding=\"async\" src=\"https:\/\/klang-cafe.com\/wp-content\/uploads\/2019\/11\/20191111_123804-e1573474389909-768x1024.jpg\" alt=\"\" class=\"wp-image-397\" width=\"164\" height=\"218\" srcset=\"https:\/\/klang-cafe.com\/wp-content\/uploads\/2019\/11\/20191111_123804-e1573474389909-768x1024.jpg 768w, https:\/\/klang-cafe.com\/wp-content\/uploads\/2019\/11\/20191111_123804-e1573474389909-scaled-350x467.jpg 350w, https:\/\/klang-cafe.com\/wp-content\/uploads\/2019\/11\/20191111_123804-e1573474389909-225x300.jpg 225w, https:\/\/klang-cafe.com\/wp-content\/uploads\/2019\/11\/20191111_123804-e1573474389909-scaled.jpg 1920w\" sizes=\"auto, (max-width: 164px) 100vw, 164px\" \/><\/figure><\/div>\n\n\n\n<p>Eine Klangmassage ist eine Wohlf\u00fchlbehandlung die zus\u00e4tzlich\nzu einem bestimmten Thema oder einer lebensbedingten Aufgabenstellung sein kann.\nDer K\u00f6rper besteht aus 70 \u2013 80 % aus Wasser und kann die Vibrationen und Kl\u00e4nge\ngut aufnehmen und es k\u00f6nnen Selbstheilungskr\u00e4fte aktiviert durch die feinen Schwingungen\nder Instrumente werden. Bei meiner Klangmassage werden zun\u00e4chst Klangschalen in\neinem bestimmten Schema auf den bekleideten K\u00f6rper gestellt und angeschlagen.\nDanach wird die Klangmassage mit unterschiedlichsten Instrumenten intuitiv\nweitergef\u00fchrt. <\/p>\n\n\n\n<p>Dauer:  Mit Vor- und Nachgespr\u00e4ch zwischen 60 und 90 Minuten. <br>Kosten: <br>Einzelbehandlung 60,00 \u20ac  <\/p>\n\n\n\n<p><\/p>\n\n\n\n<p class=\"has-text-color has-medium-font-size has-red-color\"><strong>Klang mit Kindern (in Gruppen oder Einzeln)<\/strong><\/p>\n\n\n\n<p>Auf spielerische Art f\u00fchre ich den Klang an die Kinder heran, um die eigene K\u00f6rperwahrnehmung und die Achtsamkeit zu unterst\u00fctzen. Dies kann zur F\u00f6rderung des Selbstbewusstseins und zur St\u00e4rkung des eigenen Urvertrauens beitragen. Es kann die Wahrnehmungsf\u00e4higkeit, Konzentration und Kreativit\u00e4t f\u00f6rdern. Der Klang kann bei Konzentrations- und Aufmerksamkeitsschwierigkeiten f\u00f6rderlich sein. <br><br>Kosten: <br>Einzelbehandlung 60,00 \u20ac   <br>Gruppen nach Vereinbarung<br><br><\/p>\n\n\n\n<p><\/p>\n\n\n\n<p class=\"has-text-color has-medium-font-size has-red-color\"><strong>Klang im Alter (in Gruppen oder Einzeln)<\/strong><\/p>\n\n\n\n<div class=\"wp-block-image\"><figure class=\"alignleft is-resized\"><img loading=\"lazy\" decoding=\"async\" src=\"https:\/\/klang-cafe.com\/wp-content\/uploads\/2019\/11\/20191111_124236-e1573488603597-768x1024.jpg\" alt=\"\" class=\"wp-image-402\" width=\"148\" height=\"198\" srcset=\"https:\/\/klang-cafe.com\/wp-content\/uploads\/2019\/11\/20191111_124236-e1573488603597-768x1024.jpg 768w, https:\/\/klang-cafe.com\/wp-content\/uploads\/2019\/11\/20191111_124236-e1573488603597-scaled-350x467.jpg 350w, https:\/\/klang-cafe.com\/wp-content\/uploads\/2019\/11\/20191111_124236-e1573488603597-225x300.jpg 225w, https:\/\/klang-cafe.com\/wp-content\/uploads\/2019\/11\/20191111_124236-e1573488603597-scaled.jpg 1920w\" sizes=\"auto, (max-width: 148px) 100vw, 148px\" \/><\/figure><\/div>\n\n\n\n<p>Ich biete vielf\u00e4ltige M\u00f6glichkeiten von Anwendungen f\u00fcr Seniorinnen und Senioren. Die Anwendungen k\u00f6nnen in Form einer Klangreise stattfinden sowie auch in Form von Einzelbehandlungen. Eine Klangreise f\u00fcr Senior(innen) wird im Sitzen auf St\u00fchlen genossen. Die Kl\u00e4nge k\u00f6nnen zur Sinnesf\u00f6rderung und zu einer neuen Lebensqualit\u00e4t beitragen. Die unterschiedlichen Kl\u00e4nge ber\u00fchren alle ebenen des K\u00f6rpers und helfen den K\u00f6rper wahrzunehmen und sich neu zu entdecken.<\/p>\n\n\n\n<p>Kosten: <br>Einzelbehandlungen 1,00 \u20ac \/ pro Minute<br>Gruppen nach Vereinbarung<\/p>\n\n\n\n<p><\/p>\n\n\n\n<p class=\"has-text-color has-medium-font-size has-red-color\"><strong>Klangkunstkonzerte<\/strong><\/p>\n\n\n\n<div class=\"wp-block-image\"><figure class=\"alignleft is-resized\"><img loading=\"lazy\" decoding=\"async\" src=\"https:\/\/klang-cafe.com\/wp-content\/uploads\/2019\/11\/IMG_20190727_205116-1-1024x960.jpg\" alt=\"\" class=\"wp-image-405\" width=\"185\" height=\"173\" srcset=\"https:\/\/klang-cafe.com\/wp-content\/uploads\/2019\/11\/IMG_20190727_205116-1-1024x960.jpg 1024w, https:\/\/klang-cafe.com\/wp-content\/uploads\/2019\/11\/IMG_20190727_205116-1-scaled-350x328.jpg 350w, https:\/\/klang-cafe.com\/wp-content\/uploads\/2019\/11\/IMG_20190727_205116-1-300x281.jpg 300w, https:\/\/klang-cafe.com\/wp-content\/uploads\/2019\/11\/IMG_20190727_205116-1-768x720.jpg 768w\" sizes=\"auto, (max-width: 185px) 100vw, 185px\" \/><\/figure><\/div>\n\n\n\n<p>Ich veranstalte mit unterschiedlichen K\u00fcnstlern und auch\nalleine Musik \u2013 und Klangkunstkonzerte. Diese sind meist Intuitiv und entstehen\naus dem Moment heraus. Die Veranstaltungen werden auf dieser Seite oder auf\nmeiner Facebook Seite ausgeschrieben. <\/p>\n\n\n\n<p>M\u00f6chtest Du ein Konzert organisieren oder hast eine Idee f\u00fcr ein neues Klangprojekt, dann freue ich mich auf eine <a href=\"mailto:info@klang-cafe.com\">Nachricht <\/a>von dir.<\/p>\n\n\n\n<p>Derzeit bin ich auf der suche nach Musikern die zusammen\nmit mir Teilimprovisierte St\u00fccke spielen m\u00f6chten und in Kleinkonzerten\nauff\u00fchren m\u00f6chten. Mein Fokus liegt f\u00fcr mich auf dem Didgeridoo und der Handpan\nbzw. Hangbal.<\/p>\n","protected":false},"excerpt":{"rendered":"<p>Klangreisen Lass dich verzaubern von der Magie der Kl\u00e4nge. Eine Klangreise kannst du bequem auf Matten liegend oder sitzend genie\u00dfen. Eine Klangreise findet in der &hellip;<\/p>\n","protected":false},"author":1,"featured_media":0,"parent":0,"menu_order":0,"comment_status":"closed","ping_status":"closed","template":"","meta":{"_price":"","_stock":"","_tribe_ticket_header":"","_tribe_default_ticket_provider":"","_tribe_ticket_capacity":"0","_ticket_start_date":"","_ticket_end_date":"","_tribe_ticket_show_description":"","_tribe_ticket_show_not_going":false,"_tribe_ticket_use_global_stock":"","_tribe_ticket_global_stock_level":"","_global_stock_mode":"","_global_stock_cap":"","_tribe_rsvp_for_event":"","_tribe_ticket_going_count":"","_tribe_ticket_not_going_count":"","_tribe_tickets_list":"[]","_tribe_ticket_has_attendee_info_fields":false,"footnotes":"","_tec_slr_enabled":"","_tec_slr_layout":""},"class_list":["post-378","page","type-page","status-publish","hentry"],"ticketed":false,"_links":{"self":[{"href":"https:\/\/klang-cafe.com\/index.php?rest_route=\/wp\/v2\/pages\/378","targetHints":{"allow":["GET"]}}],"collection":[{"href":"https:\/\/klang-cafe.com\/index.php?rest_route=\/wp\/v2\/pages"}],"about":[{"href":"https:\/\/klang-cafe.com\/index.php?rest_route=\/wp\/v2\/types\/page"}],"author":[{"embeddable":true,"href":"https:\/\/klang-cafe.com\/index.php?rest_route=\/wp\/v2\/users\/1"}],"replies":[{"embeddable":true,"href":"https:\/\/klang-cafe.com\/index.php?rest_route=%2Fwp%2Fv2%2Fcomments&post=378"}],"version-history":[{"count":13,"href":"https:\/\/klang-cafe.com\/index.php?rest_route=\/wp\/v2\/pages\/378\/revisions"}],"predecessor-version":[{"id":410,"href":"https:\/\/klang-cafe.com\/index.php?rest_route=\/wp\/v2\/pages\/378\/revisions\/410"}],"wp:attachment":[{"href":"https:\/\/klang-cafe.com\/index.php?rest_route=%2Fwp%2Fv2%2Fmedia&parent=378"}],"curies":[{"name":"wp","href":"https:\/\/api.w.org\/{rel}","templated":true}]}}