{"id":417,"date":"2019-11-11T18:25:58","date_gmt":"2019-11-11T18:25:58","guid":{"rendered":"http:\/\/klang-cafe.com\/?page_id=417"},"modified":"2019-11-11T18:26:57","modified_gmt":"2019-11-11T18:26:57","slug":"klang-im-alter-in-gruppen-oder-einzeln","status":"publish","type":"page","link":"https:\/\/klang-cafe.com\/?page_id=417","title":{"rendered":"Klang im Alter"},"content":{"rendered":"\n<div class=\"wp-block-image\"><figure class=\"alignleft is-resized\"><img loading=\"lazy\" decoding=\"async\" src=\"https:\/\/klang-cafe.com\/wp-content\/uploads\/2019\/11\/20191111_124236-e1573488603597-768x1024.jpg\" alt=\"\" class=\"wp-image-402\" width=\"148\" height=\"198\" srcset=\"https:\/\/klang-cafe.com\/wp-content\/uploads\/2019\/11\/20191111_124236-e1573488603597-768x1024.jpg 768w, https:\/\/klang-cafe.com\/wp-content\/uploads\/2019\/11\/20191111_124236-e1573488603597-scaled-350x467.jpg 350w, https:\/\/klang-cafe.com\/wp-content\/uploads\/2019\/11\/20191111_124236-e1573488603597-225x300.jpg 225w, https:\/\/klang-cafe.com\/wp-content\/uploads\/2019\/11\/20191111_124236-e1573488603597-scaled.jpg 1920w\" sizes=\"auto, (max-width: 148px) 100vw, 148px\" \/><\/figure><\/div>\n\n\n\n<p>Ich biete vielf\u00e4ltige M\u00f6glichkeiten von Anwendungen in Gruppen oder Einzeln f\u00fcr Seniorinnen und Senioren. Die Anwendungen k\u00f6nnen in Form einer Klangreise stattfinden sowie auch in Form von Einzelbehandlungen. Eine Klangreise f\u00fcr Senior(innen) wird im Sitzen auf St\u00fchlen genossen. Die Kl\u00e4nge k\u00f6nnen zur Sinnesf\u00f6rderung und zu einer neuen Lebensqualit\u00e4t beitragen. Die unterschiedlichen Kl\u00e4nge ber\u00fchren alle ebenen des K\u00f6rpers und helfen den K\u00f6rper wahrzunehmen und sich neu zu entdecken.<\/p>\n\n\n\n<p>Kosten: <br>Einzelbehandlungen 1,00 \u20ac \/ pro Minute<br>Gruppen nach Vereinbarung<\/p>\n","protected":false},"excerpt":{"rendered":"<p>Ich biete vielf\u00e4ltige M\u00f6glichkeiten von Anwendungen in Gruppen oder Einzeln f\u00fcr Seniorinnen und Senioren. Die Anwendungen k\u00f6nnen in Form einer Klangreise stattfinden sowie auch in &hellip;<\/p>\n","protected":false},"author":1,"featured_media":0,"parent":0,"menu_order":0,"comment_status":"closed","ping_status":"closed","template":"","meta":{"_price":"","_stock":"","_tribe_ticket_header":"","_tribe_default_ticket_provider":"","_tribe_ticket_capacity":"0","_ticket_start_date":"","_ticket_end_date":"","_tribe_ticket_show_description":"","_tribe_ticket_show_not_going":false,"_tribe_ticket_use_global_stock":"","_tribe_ticket_global_stock_level":"","_global_stock_mode":"","_global_stock_cap":"","_tribe_rsvp_for_event":"","_tribe_ticket_going_count":"","_tribe_ticket_not_going_count":"","_tribe_tickets_list":"[]","_tribe_ticket_has_attendee_info_fields":false,"footnotes":"","_tec_slr_enabled":"","_tec_slr_layout":""},"class_list":["post-417","page","type-page","status-publish","hentry"],"ticketed":false,"_links":{"self":[{"href":"https:\/\/klang-cafe.com\/index.php?rest_route=\/wp\/v2\/pages\/417","targetHints":{"allow":["GET"]}}],"collection":[{"href":"https:\/\/klang-cafe.com\/index.php?rest_route=\/wp\/v2\/pages"}],"about":[{"href":"https:\/\/klang-cafe.com\/index.php?rest_route=\/wp\/v2\/types\/page"}],"author":[{"embeddable":true,"href":"https:\/\/klang-cafe.com\/index.php?rest_route=\/wp\/v2\/users\/1"}],"replies":[{"embeddable":true,"href":"https:\/\/klang-cafe.com\/index.php?rest_route=%2Fwp%2Fv2%2Fcomments&post=417"}],"version-history":[{"count":2,"href":"https:\/\/klang-cafe.com\/index.php?rest_route=\/wp\/v2\/pages\/417\/revisions"}],"predecessor-version":[{"id":419,"href":"https:\/\/klang-cafe.com\/index.php?rest_route=\/wp\/v2\/pages\/417\/revisions\/419"}],"wp:attachment":[{"href":"https:\/\/klang-cafe.com\/index.php?rest_route=%2Fwp%2Fv2%2Fmedia&parent=417"}],"curies":[{"name":"wp","href":"https:\/\/api.w.org\/{rel}","templated":true}]}}