{"id":420,"date":"2019-11-11T18:27:57","date_gmt":"2019-11-11T18:27:57","guid":{"rendered":"http:\/\/klang-cafe.com\/?page_id=420"},"modified":"2019-11-11T18:27:57","modified_gmt":"2019-11-11T18:27:57","slug":"klangkunstkonzerte","status":"publish","type":"page","link":"https:\/\/klang-cafe.com\/?page_id=420","title":{"rendered":"Klangkunstkonzerte"},"content":{"rendered":"\n<div class=\"wp-block-image\"><figure class=\"alignleft is-resized\"><img loading=\"lazy\" decoding=\"async\" src=\"https:\/\/klang-cafe.com\/wp-content\/uploads\/2019\/11\/IMG_20190727_205116-1-1024x960.jpg\" alt=\"\" class=\"wp-image-405\" width=\"185\" height=\"173\" srcset=\"https:\/\/klang-cafe.com\/wp-content\/uploads\/2019\/11\/IMG_20190727_205116-1-1024x960.jpg 1024w, https:\/\/klang-cafe.com\/wp-content\/uploads\/2019\/11\/IMG_20190727_205116-1-scaled-350x328.jpg 350w, https:\/\/klang-cafe.com\/wp-content\/uploads\/2019\/11\/IMG_20190727_205116-1-300x281.jpg 300w, https:\/\/klang-cafe.com\/wp-content\/uploads\/2019\/11\/IMG_20190727_205116-1-768x720.jpg 768w\" sizes=\"auto, (max-width: 185px) 100vw, 185px\" \/><\/figure><\/div>\n\n\n\n<p>Ich veranstalte mit unterschiedlichen K\u00fcnstlern und auch\nalleine Musik \u2013 und Klangkunstkonzerte. Diese sind meist Intuitiv und entstehen\naus dem Moment heraus. Die Veranstaltungen werden auf dieser Seite oder auf\nmeiner Facebook Seite ausgeschrieben. <\/p>\n\n\n\n<p>M\u00f6chtest Du ein Konzert organisieren oder hast eine Idee f\u00fcr ein neues Klangprojekt, dann freue ich mich auf eine <a href=\"mailto:info@klang-cafe.com\">Nachricht <\/a>von dir.<\/p>\n\n\n\n<p>Derzeit bin ich auf der suche nach Musikern die zusammen\nmit mir Teilimprovisierte St\u00fccke spielen m\u00f6chten und in Kleinkonzerten\nauff\u00fchren m\u00f6chten. Mein Fokus liegt f\u00fcr mich auf dem Didgeridoo und der Handpan\nbzw. Hangbal.<\/p>\n\n\n<p><!--EndFragment--><br \/><br \/><\/p>","protected":false},"excerpt":{"rendered":"<p>Ich veranstalte mit unterschiedlichen K\u00fcnstlern und auch alleine Musik \u2013 und Klangkunstkonzerte. Diese sind meist Intuitiv und entstehen aus dem Moment heraus. Die Veranstaltungen werden &hellip;<\/p>\n","protected":false},"author":1,"featured_media":0,"parent":0,"menu_order":0,"comment_status":"closed","ping_status":"closed","template":"","meta":{"_price":"","_stock":"","_tribe_ticket_header":"","_tribe_default_ticket_provider":"","_tribe_ticket_capacity":"0","_ticket_start_date":"","_ticket_end_date":"","_tribe_ticket_show_description":"","_tribe_ticket_show_not_going":false,"_tribe_ticket_use_global_stock":"","_tribe_ticket_global_stock_level":"","_global_stock_mode":"","_global_stock_cap":"","_tribe_rsvp_for_event":"","_tribe_ticket_going_count":"","_tribe_ticket_not_going_count":"","_tribe_tickets_list":"[]","_tribe_ticket_has_attendee_info_fields":false,"footnotes":"","_tec_slr_enabled":"","_tec_slr_layout":""},"class_list":["post-420","page","type-page","status-publish","hentry"],"ticketed":false,"_links":{"self":[{"href":"https:\/\/klang-cafe.com\/index.php?rest_route=\/wp\/v2\/pages\/420","targetHints":{"allow":["GET"]}}],"collection":[{"href":"https:\/\/klang-cafe.com\/index.php?rest_route=\/wp\/v2\/pages"}],"about":[{"href":"https:\/\/klang-cafe.com\/index.php?rest_route=\/wp\/v2\/types\/page"}],"author":[{"embeddable":true,"href":"https:\/\/klang-cafe.com\/index.php?rest_route=\/wp\/v2\/users\/1"}],"replies":[{"embeddable":true,"href":"https:\/\/klang-cafe.com\/index.php?rest_route=%2Fwp%2Fv2%2Fcomments&post=420"}],"version-history":[{"count":1,"href":"https:\/\/klang-cafe.com\/index.php?rest_route=\/wp\/v2\/pages\/420\/revisions"}],"predecessor-version":[{"id":421,"href":"https:\/\/klang-cafe.com\/index.php?rest_route=\/wp\/v2\/pages\/420\/revisions\/421"}],"wp:attachment":[{"href":"https:\/\/klang-cafe.com\/index.php?rest_route=%2Fwp%2Fv2%2Fmedia&parent=420"}],"curies":[{"name":"wp","href":"https:\/\/api.w.org\/{rel}","templated":true}]}}